{"id":1171,"date":"2026-04-27T16:38:53","date_gmt":"2026-04-27T14:38:53","guid":{"rendered":"https:\/\/numeriquedeconfiance.fr\/?page_id=1171"},"modified":"2026-04-27T16:59:20","modified_gmt":"2026-04-27T14:59:20","slug":"les-rencontres-de-la-confiance-numerique","status":"publish","type":"page","link":"https:\/\/numeriquedeconfiance.fr\/index.php\/les-rencontres-de-la-confiance-numerique\/","title":{"rendered":"Les Rencontres de la Confiance Num\u00e9rique"},"content":{"rendered":"\t\t<div data-elementor-type=\"wp-page\" data-elementor-id=\"1171\" class=\"elementor elementor-1171\">\n\t\t\t\t<div class=\"elementor-element elementor-element-89cffa7 e-flex e-con-boxed e-con e-parent\" data-id=\"89cffa7\" data-element_type=\"container\">\n\t\t\t\t\t<div class=\"e-con-inner\">\n\t\t\t\t<div class=\"elementor-element elementor-element-0edd158 elementor-widget elementor-widget-text-editor\" data-id=\"0edd158\" data-element_type=\"widget\" data-widget_type=\"text-editor.default\">\n\t\t\t\t<div class=\"elementor-widget-container\">\n\t\t\t\t\t\t\t\t\t<p>Le Comit\u00e9 Strat\u00e9gique de Fili\u00e8re Logiciels et Solutions Num\u00e9riques de Confiance organise la premi\u00e8re \u00e9dition des Rencontres de la Confiance Num\u00e9rique !&nbsp;<span style=\"font-family: inherit; font-size: inherit; font-style: inherit; font-variant-caps: inherit; letter-spacing: var(--theme-letter-spacing); text-align: var(--text-align); text-transform: var(--theme-text-transform); text-decoration: var(--theme-text-decoration);\">Le vendredi 29 juin les acteurs de la fili\u00e8re et leurs partenaires se retrouveront pour une apr\u00e8s-midi de conf\u00e9rences suivie d&rsquo;un cocktail ap\u00e9ritif.<\/span><\/p>\n<p style=\"font-weight: 400;\">Ce temps d&rsquo;\u00e9changes a pour objectif de faire converser les acteurs, pr\u00e9senter des constats et faciliter la prise de d\u00e9cision pour mieux traverser les d\u00e9fis auxquels la fili\u00e8re fait face.&nbsp;<span style=\"font-family: inherit; font-size: inherit; font-style: inherit; font-variant-caps: inherit; letter-spacing: var(--theme-letter-spacing); text-transform: var(--theme-text-transform); text-decoration: var(--theme-text-decoration);\">L&rsquo;occasion pour le Comit\u00e9 Strat\u00e9gique de Fili\u00e8re de pr\u00e9senter ses travaux, calibr\u00e9s sue le contrat de fili\u00e8re sign\u00e9 avec l\u2019\u00c9tat il y a un an, au moment de sa cr\u00e9ation.&nbsp;<\/span><span style=\"font-family: inherit; font-size: inherit; font-style: inherit; font-variant-caps: inherit; letter-spacing: var(--theme-letter-spacing); text-transform: var(--theme-text-transform); text-decoration: var(--theme-text-decoration);\">Parmi les annonces attendues : l&rsquo;annuaire des \u00e9diteurs et le catalogue des solutions, la d\u00e9finition de la donn\u00e9e sensible, l&rsquo;initiative Open Interop etc.<\/span><\/p>\n<p><a class=\"wp-block-button__link\" style=\"background-color: #215fda; color: #ffffff; font-size: 15px; font-weight: bold; padding: 0.9em 3em; text-transform: uppercase; letter-spacing: 0.4px; text-decoration: none;\" href=\"https:\/\/framaforms.org\/les-rencontres-de-la-confiance-numerique-1776939036\">INscrivez-vous aux Rencontres de la Confiance Num\u00e9rique<\/a><\/p>\t\t\t\t\t\t\t\t<\/div>\n\t\t\t\t<\/div>\n\t\t\t\t\t<\/div>\n\t\t\t\t<\/div>\n\t\t<div class=\"elementor-element elementor-element-ab4f151 e-flex e-con-boxed e-con e-parent\" data-id=\"ab4f151\" data-element_type=\"container\">\n\t\t\t\t\t<div class=\"e-con-inner\">\n\t\t\t\t<div class=\"elementor-element elementor-element-b4a7678 elementor-widget__width-initial elementor-widget elementor-widget-image\" data-id=\"b4a7678\" data-element_type=\"widget\" data-widget_type=\"image.default\">\n\t\t\t\t<div class=\"elementor-widget-container\">\n\t\t\t\t\t\t\t\t\t\t\t\t\t\t\t<img fetchpriority=\"high\" decoding=\"async\" width=\"1024\" height=\"1024\" src=\"https:\/\/numeriquedeconfiance.fr\/wp-content\/uploads\/2026\/04\/Save-the-date-Rencontres-Filiere-Numerique-de-Confiance-2-1024x1024.png\" class=\"attachment-large size-large wp-image-1173\" alt=\"\" srcset=\"https:\/\/numeriquedeconfiance.fr\/wp-content\/uploads\/2026\/04\/Save-the-date-Rencontres-Filiere-Numerique-de-Confiance-2-1024x1024.png 1024w, https:\/\/numeriquedeconfiance.fr\/wp-content\/uploads\/2026\/04\/Save-the-date-Rencontres-Filiere-Numerique-de-Confiance-2-300x300.png 300w, https:\/\/numeriquedeconfiance.fr\/wp-content\/uploads\/2026\/04\/Save-the-date-Rencontres-Filiere-Numerique-de-Confiance-2-150x150.png 150w, https:\/\/numeriquedeconfiance.fr\/wp-content\/uploads\/2026\/04\/Save-the-date-Rencontres-Filiere-Numerique-de-Confiance-2-768x768.png 768w, https:\/\/numeriquedeconfiance.fr\/wp-content\/uploads\/2026\/04\/Save-the-date-Rencontres-Filiere-Numerique-de-Confiance-2.png 1080w\" sizes=\"(max-width: 1024px) 100vw, 1024px\" \/>\t\t\t\t\t\t\t\t\t\t\t\t\t\t\t<\/div>\n\t\t\t\t<\/div>\n\t\t\t\t\t<\/div>\n\t\t\t\t<\/div>\n\t\t\t\t<\/div>\n\t\t","protected":false},"excerpt":{"rendered":"<p>Le Comit\u00e9 Strat\u00e9gique de Fili\u00e8re Logiciels et Solutions Num\u00e9riques de Confiance organise la premi\u00e8re \u00e9dition des Rencontres de la Confiance Num\u00e9rique !&nbsp;Le vendredi 29 juin les acteurs de la fili\u00e8re [&hellip;]<\/p>\n","protected":false},"author":1,"featured_media":0,"parent":0,"menu_order":0,"comment_status":"closed","ping_status":"closed","template":"","meta":{"_price":"","_stock":"","_tribe_ticket_header":"","_tribe_default_ticket_provider":"","_tribe_ticket_capacity":"0","_ticket_start_date":"","_ticket_end_date":"","_tribe_ticket_show_description":"","_tribe_ticket_show_not_going":false,"_tribe_ticket_use_global_stock":"","_tribe_ticket_global_stock_level":"","_global_stock_mode":"","_global_stock_cap":"","_tribe_rsvp_for_event":"","_tribe_ticket_going_count":"","_tribe_ticket_not_going_count":"","_tribe_tickets_list":"[]","_tribe_ticket_has_attendee_info_fields":false,"footnotes":"","_tec_slr_enabled":"","_tec_slr_layout":""},"class_list":["post-1171","page","type-page","status-publish","hentry"],"blocksy_meta":[],"ticketed":false,"_links":{"self":[{"href":"https:\/\/numeriquedeconfiance.fr\/index.php\/wp-json\/wp\/v2\/pages\/1171","targetHints":{"allow":["GET"]}}],"collection":[{"href":"https:\/\/numeriquedeconfiance.fr\/index.php\/wp-json\/wp\/v2\/pages"}],"about":[{"href":"https:\/\/numeriquedeconfiance.fr\/index.php\/wp-json\/wp\/v2\/types\/page"}],"author":[{"embeddable":true,"href":"https:\/\/numeriquedeconfiance.fr\/index.php\/wp-json\/wp\/v2\/users\/1"}],"replies":[{"embeddable":true,"href":"https:\/\/numeriquedeconfiance.fr\/index.php\/wp-json\/wp\/v2\/comments?post=1171"}],"version-history":[{"count":7,"href":"https:\/\/numeriquedeconfiance.fr\/index.php\/wp-json\/wp\/v2\/pages\/1171\/revisions"}],"predecessor-version":[{"id":1181,"href":"https:\/\/numeriquedeconfiance.fr\/index.php\/wp-json\/wp\/v2\/pages\/1171\/revisions\/1181"}],"wp:attachment":[{"href":"https:\/\/numeriquedeconfiance.fr\/index.php\/wp-json\/wp\/v2\/media?parent=1171"}],"curies":[{"name":"wp","href":"https:\/\/api.w.org\/{rel}","templated":true}]}}