{"id":131,"date":"2024-10-01T16:16:13","date_gmt":"2024-10-01T14:16:13","guid":{"rendered":"https:\/\/numeriquedeconfiance.fr\/?page_id=131"},"modified":"2026-03-24T14:30:44","modified_gmt":"2026-03-24T13:30:44","slug":"les-groupes-de-travail","status":"publish","type":"page","link":"https:\/\/numeriquedeconfiance.fr\/index.php\/les-groupes-de-travail\/","title":{"rendered":"Les Groupes de Travail"},"content":{"rendered":"\t\t<div data-elementor-type=\"wp-page\" data-elementor-id=\"131\" class=\"elementor elementor-131\">\n\t\t\t\t<div class=\"elementor-element elementor-element-4ddac44b e-flex e-con-boxed e-con e-parent\" data-id=\"4ddac44b\" data-element_type=\"container\">\n\t\t\t\t\t<div class=\"e-con-inner\">\n\t\t\t\t<div class=\"elementor-element elementor-element-7e3a32da elementor-widget elementor-widget-text-editor\" data-id=\"7e3a32da\" data-element_type=\"widget\" data-widget_type=\"text-editor.default\">\n\t\t\t\t<div class=\"elementor-widget-container\">\n\t\t\t\t\t\t\t\t\t<p>Le contrat de fili\u00e8re est structur\u00e9 autour de <strong>5 projets structurants<\/strong>. Chaque projet est port\u00e9 par un<strong> groupe de travail <\/strong>pilot\u00e9 par un ou deux co-Pr\u00e9sidents de groupe. Dans l\u2019attente de la cr\u00e9ation officielle du CSF, une trentaine de participants sont d\u00e9j\u00e0 impliqu\u00e9s dans les travaux de ces derniers de mani\u00e8re informelle. Tous se mobilisent pour <strong>\u0153uvrer collectivement \u00e0 la mise en place de solutions concr\u00e8tes <\/strong>qui sauront r\u00e9pondre \u00e0 ces enjeux de taille.<\/p>\n<p><!-- \/wp:paragraph --><!-- wp:paragraph {\"align\":\"center\"} --><\/p>\n<p class=\"has-text-align-center\"><em>Si vous souhaitez contribuer aux travaux, retrouvez ci-dessou<\/em>s\u00a0<strong style=\"font-family: inherit; font-size: inherit; font-style: inherit; font-variant-caps: inherit; letter-spacing: var(--theme-letter-spacing); text-transform: var(--theme-text-transform); text-decoration: var(--theme-text-decoration);\"><em>l&rsquo;organisation de nos groupes de travail<\/em>.<\/strong><\/p>\n<p><!-- \/wp:paragraph --><!-- wp:buttons {\"layout\":{\"type\":\"flex\",\"verticalAlignment\":\"center\",\"justifyContent\":\"center\"}} --><\/p>\n<div class=\"wp-block-buttons\">\n<p><!-- wp:button --><\/p>\n<div class=\"wp-block-button\"><a class=\"wp-block-button__link wp-element-button\" href=\"https:\/\/numeriquedeconfiance.fr\/index.php\/rejoindre-un-groupe-de-travail\/\">Participer aux groupes de travail<\/a><\/div>\n<\/div>\n<p>\u00a0<\/p>\n<p><img fetchpriority=\"high\" decoding=\"async\" class=\" wp-image-1094 aligncenter\" src=\"https:\/\/numeriquedeconfiance.fr\/wp-content\/uploads\/2026\/02\/Capture-decran-2026-02-09-a-16.39.20.png\" alt=\"\" width=\"617\" height=\"400\" srcset=\"https:\/\/numeriquedeconfiance.fr\/wp-content\/uploads\/2026\/02\/Capture-decran-2026-02-09-a-16.39.20.png 1919w, https:\/\/numeriquedeconfiance.fr\/wp-content\/uploads\/2026\/02\/Capture-decran-2026-02-09-a-16.39.20-300x195.png 300w, https:\/\/numeriquedeconfiance.fr\/wp-content\/uploads\/2026\/02\/Capture-decran-2026-02-09-a-16.39.20-1024x665.png 1024w, https:\/\/numeriquedeconfiance.fr\/wp-content\/uploads\/2026\/02\/Capture-decran-2026-02-09-a-16.39.20-768x499.png 768w, https:\/\/numeriquedeconfiance.fr\/wp-content\/uploads\/2026\/02\/Capture-decran-2026-02-09-a-16.39.20-1536x997.png 1536w\" sizes=\"(max-width: 617px) 100vw, 617px\" \/><\/p>\n<p><!-- \/wp:table --><!-- wp:paragraph --><\/p>\n<p>\u00a0<\/p>\n<p><i>Pour vous renseigner sur les actions du Comit\u00e9 Strat\u00e9gique de Fili\u00e8re, vous pouvez consulter notre cartographie disponible ci-dessous.<\/i><\/p>\n<p><a class=\"wp-block-button__link wp-element-button\" href=\"https:\/\/numeriquedeconfiance.fr\/index.php\/rejoindre-un-groupe-de-travail\/\">Voir la cartographie des actions en cours<\/a><\/p>\n<p>\u00a0<\/p>\n<p><!-- \/wp:paragraph --><\/p>\t\t\t\t\t\t\t\t<\/div>\n\t\t\t\t<\/div>\n\t\t\t\t\t<\/div>\n\t\t\t\t<\/div>\n\t\t\t\t<\/div>\n\t\t","protected":false},"excerpt":{"rendered":"<p>Le contrat de fili\u00e8re est structur\u00e9 autour de 5 projets structurants. Chaque projet est port\u00e9 par un groupe de travail pilot\u00e9 par un ou deux co-Pr\u00e9sidents de groupe. Dans l\u2019attente [&hellip;]<\/p>\n","protected":false},"author":1,"featured_media":0,"parent":0,"menu_order":0,"comment_status":"closed","ping_status":"closed","template":"","meta":{"_price":"","_stock":"","_tribe_ticket_header":"","_tribe_default_ticket_provider":"","_tribe_ticket_capacity":"0","_ticket_start_date":"","_ticket_end_date":"","_tribe_ticket_show_description":"","_tribe_ticket_show_not_going":false,"_tribe_ticket_use_global_stock":"","_tribe_ticket_global_stock_level":"","_global_stock_mode":"","_global_stock_cap":"","_tribe_rsvp_for_event":"","_tribe_ticket_going_count":"","_tribe_ticket_not_going_count":"","_tribe_tickets_list":"[]","_tribe_ticket_has_attendee_info_fields":false,"footnotes":"","_tec_slr_enabled":"","_tec_slr_layout":""},"class_list":["post-131","page","type-page","status-publish","hentry"],"blocksy_meta":[],"ticketed":false,"_links":{"self":[{"href":"https:\/\/numeriquedeconfiance.fr\/index.php\/wp-json\/wp\/v2\/pages\/131","targetHints":{"allow":["GET"]}}],"collection":[{"href":"https:\/\/numeriquedeconfiance.fr\/index.php\/wp-json\/wp\/v2\/pages"}],"about":[{"href":"https:\/\/numeriquedeconfiance.fr\/index.php\/wp-json\/wp\/v2\/types\/page"}],"author":[{"embeddable":true,"href":"https:\/\/numeriquedeconfiance.fr\/index.php\/wp-json\/wp\/v2\/users\/1"}],"replies":[{"embeddable":true,"href":"https:\/\/numeriquedeconfiance.fr\/index.php\/wp-json\/wp\/v2\/comments?post=131"}],"version-history":[{"count":38,"href":"https:\/\/numeriquedeconfiance.fr\/index.php\/wp-json\/wp\/v2\/pages\/131\/revisions"}],"predecessor-version":[{"id":1153,"href":"https:\/\/numeriquedeconfiance.fr\/index.php\/wp-json\/wp\/v2\/pages\/131\/revisions\/1153"}],"wp:attachment":[{"href":"https:\/\/numeriquedeconfiance.fr\/index.php\/wp-json\/wp\/v2\/media?parent=131"}],"curies":[{"name":"wp","href":"https:\/\/api.w.org\/{rel}","templated":true}]}}