{"id":156,"date":"2024-10-01T16:58:45","date_gmt":"2024-10-01T14:58:45","guid":{"rendered":"https:\/\/numeriquedeconfiance.fr\/?page_id=156"},"modified":"2024-12-20T18:59:47","modified_gmt":"2024-12-20T17:59:47","slug":"quest-ce-quun-comite-strategique-de-filiere","status":"publish","type":"page","link":"https:\/\/numeriquedeconfiance.fr\/index.php\/quest-ce-quun-comite-strategique-de-filiere\/","title":{"rendered":"Qu&rsquo;est-ce qu&rsquo;un Comit\u00e9 Strat\u00e9gique de Fili\u00e8re ?"},"content":{"rendered":"\n<p>Les <strong>comit\u00e9s strat\u00e9giques de fili\u00e8re<\/strong> (CSF) sont des instances de dialogue entre l&rsquo;Etat et les diff\u00e9rentes fili\u00e8res industrielles. Ils sont cr\u00e9\u00e9s et supervis\u00e9s par le <strong>Conseil national de l\u2019industrie<\/strong>. L\u2019objectif est d\u2019instaurer, <em>via<\/em> ces instances, un <strong>dialogue concret, performant et r\u00e9gulier entre l\u2019Etat, les entreprises et les repr\u00e9sentants des salari\u00e9s<\/strong> sur tous les sujets-cl\u00e9s qui permettent la reconqu\u00eate industrielle fran\u00e7aise, et ce, fili\u00e8re par fili\u00e8re.<\/p>\n\n\n\n<p><strong>19<\/strong> comit\u00e9s strat\u00e9giques de fili\u00e8re existent aujourd&rsquo;hui. Chacun se d\u00e9finit par:<\/p>\n\n\n\n<ul class=\"wp-block-list\">\n<li>Un p\u00e9rim\u00e8tre pr\u00e9cis.<\/li>\n\n\n\n<li>Une pr\u00e9sidence port\u00e9e par une personnalit\u00e9e industrielle repr\u00e9sentative du secteur.<\/li>\n\n\n\n<li>Une volont\u00e9 des entreprises du secteur de se coordonner et de se structurer.<\/li>\n\n\n\n<li>Une ambition et un plan d&rsquo;action partag\u00e9 pour le d\u00e9veloppement de la fili\u00e8re.<\/li>\n<\/ul>\n\n\n\n<p>Cette ambition et ce plan d&rsquo;action sont d\u00e9finis dans le document central des Comit\u00e9s Strat\u00e9giques de Fili\u00e8re: le <strong>contrat de fili\u00e8re<\/strong>.<\/p>\n\n\n\n<p>Les CSF actuellement install\u00e9s sont les <a href=\"https:\/\/www.conseil-national-industrie.gouv.fr\/decouvrez-19-csf\" data-type=\"link\" data-id=\"https:\/\/www.conseil-national-industrie.gouv.fr\/decouvrez-19-csf\">suivants <\/a>: A\u00e9ronautique, Industries agro-alimentaires, Automobile, Bois, Chimie &amp; mat\u00e9riaux, Eau, Ferroviaire, Industries pour la construction, Industries \u00e9lectroniques, Industriels de la mer, Industries des nouveaux syst\u00e8mes \u00e9nerg\u00e9tiques, Industries et technologies de sant\u00e9,&nbsp;Industries de s\u00e9curit\u00e9, Infrastructures du num\u00e9rique, Mines &amp; m\u00e9tallurgie, Mode &amp; luxe, Nucl\u00e9aire, Solutions industrie du futur et Transformation et valorisation des d\u00e9chets.<\/p>\n\n\n\n<p>Le <strong>comit\u00e9 strat\u00e9gique de fili\u00e8re Logiciels et Solutions Num\u00e9riques de Confiance <\/strong>deviendra ainsi le <strong>20<sup>\u00e8me<\/sup> <\/strong>Comit\u00e9 Strat\u00e9gique de Fili\u00e8re, ou \u00ab\u00a0CSF\u00a0\u00bb, en charge de <strong>piloter l\u2019une des industries les plus strat\u00e9giques pour l\u2019avenir de la France.<\/strong><\/p>\n","protected":false},"excerpt":{"rendered":"<p>Les comit\u00e9s strat\u00e9giques de fili\u00e8re (CSF) sont des instances de dialogue entre l&rsquo;Etat et les diff\u00e9rentes fili\u00e8res industrielles. Ils sont cr\u00e9\u00e9s et supervis\u00e9s par le Conseil national de l\u2019industrie. L\u2019objectif [&hellip;]<\/p>\n","protected":false},"author":1,"featured_media":0,"parent":0,"menu_order":0,"comment_status":"closed","ping_status":"closed","template":"","meta":{"_price":"","_stock":"","_tribe_ticket_header":"","_tribe_default_ticket_provider":"","_tribe_ticket_capacity":"0","_ticket_start_date":"","_ticket_end_date":"","_tribe_ticket_show_description":"","_tribe_ticket_show_not_going":false,"_tribe_ticket_use_global_stock":"","_tribe_ticket_global_stock_level":"","_global_stock_mode":"","_global_stock_cap":"","_tribe_rsvp_for_event":"","_tribe_ticket_going_count":"","_tribe_ticket_not_going_count":"","_tribe_tickets_list":"[]","_tribe_ticket_has_attendee_info_fields":false,"footnotes":"","_tec_slr_enabled":"","_tec_slr_layout":""},"class_list":["post-156","page","type-page","status-publish","hentry"],"blocksy_meta":[],"ticketed":false,"_links":{"self":[{"href":"https:\/\/numeriquedeconfiance.fr\/index.php\/wp-json\/wp\/v2\/pages\/156","targetHints":{"allow":["GET"]}}],"collection":[{"href":"https:\/\/numeriquedeconfiance.fr\/index.php\/wp-json\/wp\/v2\/pages"}],"about":[{"href":"https:\/\/numeriquedeconfiance.fr\/index.php\/wp-json\/wp\/v2\/types\/page"}],"author":[{"embeddable":true,"href":"https:\/\/numeriquedeconfiance.fr\/index.php\/wp-json\/wp\/v2\/users\/1"}],"replies":[{"embeddable":true,"href":"https:\/\/numeriquedeconfiance.fr\/index.php\/wp-json\/wp\/v2\/comments?post=156"}],"version-history":[{"count":7,"href":"https:\/\/numeriquedeconfiance.fr\/index.php\/wp-json\/wp\/v2\/pages\/156\/revisions"}],"predecessor-version":[{"id":341,"href":"https:\/\/numeriquedeconfiance.fr\/index.php\/wp-json\/wp\/v2\/pages\/156\/revisions\/341"}],"wp:attachment":[{"href":"https:\/\/numeriquedeconfiance.fr\/index.php\/wp-json\/wp\/v2\/media?parent=156"}],"curies":[{"name":"wp","href":"https:\/\/api.w.org\/{rel}","templated":true}]}}