{"id":166,"date":"2024-10-01T17:00:22","date_gmt":"2024-10-01T15:00:22","guid":{"rendered":"https:\/\/numeriquedeconfiance.fr\/?page_id=166"},"modified":"2026-02-10T10:54:55","modified_gmt":"2026-02-10T09:54:55","slug":"notre-mission","status":"publish","type":"page","link":"https:\/\/numeriquedeconfiance.fr\/index.php\/notre-mission\/","title":{"rendered":"Notre Mission"},"content":{"rendered":"\n<p><strong>L\u2019Association Solutions Num\u00e9riques de Confiance <\/strong>a \u00e9t\u00e9 cr\u00e9\u00e9e d\u00e9but 2024 pour <strong>soutenir les travaux de la fili\u00e8re.<\/strong><\/p>\n\n\n\n<p>Elle a pour <strong>objet <\/strong>de&nbsp;:<\/p>\n\n\n\n<ul class=\"wp-block-list\">\n<li>Mobiliser la fili\u00e8re autour des ambitions du Contrat Strat\u00e9gique de fili\u00e8re.<\/li>\n\n\n\n<li>Porter les ambitions du Contrat.<\/li>\n\n\n\n<li>Contribuer \u00e0 la mise en \u0153uvre des propositions.<\/li>\n\n\n\n<li>Financer le fonctionnement op\u00e9rationnel du Comit\u00e9 Strat\u00e9gique de Fili\u00e8re (ressources humaines, outils de communication, administration, etc.). <\/li>\n<\/ul>\n\n\n\n<p><\/p>\n\n\n\n<p class=\"has-text-align-center\"><a href=\"https:\/\/numeriquedeconfiance.fr\/wp-content\/uploads\/2026\/02\/Presentation-Association-25_05_06.pdf\">T\u00e9l\u00e9chargez la pr\u00e9sentation de l&rsquo;association <\/a><\/p>\n\n\n\n<p><\/p>\n","protected":false},"excerpt":{"rendered":"<p>L\u2019Association Solutions Num\u00e9riques de Confiance a \u00e9t\u00e9 cr\u00e9\u00e9e d\u00e9but 2024 pour soutenir les travaux de la fili\u00e8re. Elle a pour objet de&nbsp;: T\u00e9l\u00e9chargez la pr\u00e9sentation de l&rsquo;association<\/p>\n","protected":false},"author":1,"featured_media":0,"parent":0,"menu_order":0,"comment_status":"closed","ping_status":"closed","template":"","meta":{"_price":"","_stock":"","_tribe_ticket_header":"","_tribe_default_ticket_provider":"","_tribe_ticket_capacity":"0","_ticket_start_date":"","_ticket_end_date":"","_tribe_ticket_show_description":"","_tribe_ticket_show_not_going":false,"_tribe_ticket_use_global_stock":"","_tribe_ticket_global_stock_level":"","_global_stock_mode":"","_global_stock_cap":"","_tribe_rsvp_for_event":"","_tribe_ticket_going_count":"","_tribe_ticket_not_going_count":"","_tribe_tickets_list":"[]","_tribe_ticket_has_attendee_info_fields":false,"footnotes":"","_tec_slr_enabled":"","_tec_slr_layout":""},"class_list":["post-166","page","type-page","status-publish","hentry"],"blocksy_meta":[],"ticketed":false,"_links":{"self":[{"href":"https:\/\/numeriquedeconfiance.fr\/index.php\/wp-json\/wp\/v2\/pages\/166","targetHints":{"allow":["GET"]}}],"collection":[{"href":"https:\/\/numeriquedeconfiance.fr\/index.php\/wp-json\/wp\/v2\/pages"}],"about":[{"href":"https:\/\/numeriquedeconfiance.fr\/index.php\/wp-json\/wp\/v2\/types\/page"}],"author":[{"embeddable":true,"href":"https:\/\/numeriquedeconfiance.fr\/index.php\/wp-json\/wp\/v2\/users\/1"}],"replies":[{"embeddable":true,"href":"https:\/\/numeriquedeconfiance.fr\/index.php\/wp-json\/wp\/v2\/comments?post=166"}],"version-history":[{"count":6,"href":"https:\/\/numeriquedeconfiance.fr\/index.php\/wp-json\/wp\/v2\/pages\/166\/revisions"}],"predecessor-version":[{"id":1113,"href":"https:\/\/numeriquedeconfiance.fr\/index.php\/wp-json\/wp\/v2\/pages\/166\/revisions\/1113"}],"wp:attachment":[{"href":"https:\/\/numeriquedeconfiance.fr\/index.php\/wp-json\/wp\/v2\/media?parent=166"}],"curies":[{"name":"wp","href":"https:\/\/api.w.org\/{rel}","templated":true}]}}