{"id":215,"date":"2024-10-15T11:30:37","date_gmt":"2024-10-15T09:30:37","guid":{"rendered":"https:\/\/numeriquedeconfiance.fr\/?page_id=215"},"modified":"2026-02-10T10:58:27","modified_gmt":"2026-02-10T09:58:27","slug":"la-structure-de-lassociation","status":"publish","type":"page","link":"https:\/\/numeriquedeconfiance.fr\/index.php\/la-structure-de-lassociation\/","title":{"rendered":"Devenir membre de l&rsquo;Association"},"content":{"rendered":"\t\t<div data-elementor-type=\"wp-page\" data-elementor-id=\"215\" class=\"elementor elementor-215\">\n\t\t\t\t<div class=\"elementor-element elementor-element-615452aa e-flex e-con-boxed e-con e-parent\" data-id=\"615452aa\" data-element_type=\"container\">\n\t\t\t\t\t<div class=\"e-con-inner\">\n\t\t\t\t<div class=\"elementor-element elementor-element-50f5316 elementor-widget elementor-widget-text-editor\" data-id=\"50f5316\" data-element_type=\"widget\" data-widget_type=\"text-editor.default\">\n\t\t\t\t<div class=\"elementor-widget-container\">\n\t\t\t\t\t\t\t\t\t\n<div style=\"text-align: justify;\">\n<p><strong>L&rsquo;Association Solutions Num\u00e9riques de Confiance assure le bon fonctionnement du Comit\u00e9 Strat\u00e9gique de Fili\u00e8re.<\/strong><\/p>\n<p>Nous vous invitons \u00e0 adh\u00e9rer \u00e0 l\u2019association pour l\u2019ann\u00e9e 2026 en compl\u00e9tant le formulaire d\u2019adh\u00e9sion ci-dessous.<\/p>\n<p>Nous reviendrons vers vous par la suite\u00a0 afin de vous communiquer les modalit\u00e9s et le montant de votre cotisation.<\/p>\n<p>\u00a0<\/p>\n<\/div>\n\n<p class=\"has-text-align-center\"><em>Cliquez ici pour faire une demande d&rsquo;adh\u00e9sion \u00e0 l&rsquo;association.<\/em><\/p>\n\n<div class=\"wp-block-buttons is-content-justification-center is-layout-flex wp-container-core-buttons-is-layout-a89b3969 wp-block-buttons-is-layout-flex\" style=\"display: flex; justify-content: center;\">\n<div class=\"wp-block-button\"><a class=\"wp-block-button__link wp-element-button\" style=\"text-align: center; display: inline-block;\" href=\"https:\/\/framaforms.org\/demande-dadhesion-solutions-numeriques-de-confiance-1712162094\"> Devenez Membre <\/a><\/div>\n<\/div>\n<!-- ESPACE AVANT LE BLOC SUIVANT -->\n<p>\u00a0<\/p>\n\n<p style=\"text-align: center;\"><em>Retrouvez ci-dessous<\/em><em><strong>\u00a0le bar\u00e8me d\u2019adh\u00e9sion \u00e0 celle-ci<\/strong><\/em><\/p>\n<!-- Pr\u00e9sentation de l\u2019association --><!-- Bar\u00e8me d\u2019adh\u00e9sion -->\n<div class=\"wp-block-file\">\u00a0<\/div>\n<div>\u00a0<\/div>\n<div><img fetchpriority=\"high\" decoding=\"async\" class=\" wp-image-1089 aligncenter\" src=\"https:\/\/numeriquedeconfiance.fr\/wp-content\/uploads\/2026\/02\/Capture-decran-2026-02-09-a-16.04.41.png\" alt=\"\" width=\"607\" height=\"290\" srcset=\"https:\/\/numeriquedeconfiance.fr\/wp-content\/uploads\/2026\/02\/Capture-decran-2026-02-09-a-16.04.41.png 2266w, https:\/\/numeriquedeconfiance.fr\/wp-content\/uploads\/2026\/02\/Capture-decran-2026-02-09-a-16.04.41-300x143.png 300w, https:\/\/numeriquedeconfiance.fr\/wp-content\/uploads\/2026\/02\/Capture-decran-2026-02-09-a-16.04.41-1024x489.png 1024w, https:\/\/numeriquedeconfiance.fr\/wp-content\/uploads\/2026\/02\/Capture-decran-2026-02-09-a-16.04.41-768x366.png 768w, https:\/\/numeriquedeconfiance.fr\/wp-content\/uploads\/2026\/02\/Capture-decran-2026-02-09-a-16.04.41-1536x733.png 1536w, https:\/\/numeriquedeconfiance.fr\/wp-content\/uploads\/2026\/02\/Capture-decran-2026-02-09-a-16.04.41-2048x977.png 2048w\" sizes=\"(max-width: 607px) 100vw, 607px\" \/><\/div>\n<div>\u00a0<\/div>\n<div><img decoding=\"async\" class=\"wp-image-1090 aligncenter\" src=\"https:\/\/numeriquedeconfiance.fr\/wp-content\/uploads\/2026\/02\/Capture-decran-2026-02-09-a-16.09.01.png\" alt=\"\" width=\"610\" height=\"290\" srcset=\"https:\/\/numeriquedeconfiance.fr\/wp-content\/uploads\/2026\/02\/Capture-decran-2026-02-09-a-16.09.01.png 2267w, https:\/\/numeriquedeconfiance.fr\/wp-content\/uploads\/2026\/02\/Capture-decran-2026-02-09-a-16.09.01-300x143.png 300w, https:\/\/numeriquedeconfiance.fr\/wp-content\/uploads\/2026\/02\/Capture-decran-2026-02-09-a-16.09.01-1024x487.png 1024w, https:\/\/numeriquedeconfiance.fr\/wp-content\/uploads\/2026\/02\/Capture-decran-2026-02-09-a-16.09.01-768x366.png 768w, https:\/\/numeriquedeconfiance.fr\/wp-content\/uploads\/2026\/02\/Capture-decran-2026-02-09-a-16.09.01-1536x731.png 1536w, https:\/\/numeriquedeconfiance.fr\/wp-content\/uploads\/2026\/02\/Capture-decran-2026-02-09-a-16.09.01-2048x975.png 2048w\" sizes=\"(max-width: 610px) 100vw, 610px\" \/><\/div>\n<div>\u00a0<\/div>\n<div>\u00a0<\/div>\n\t\t\t\t\t\t\t\t<\/div>\n\t\t\t\t<\/div>\n\t\t\t\t\t<\/div>\n\t\t\t\t<\/div>\n\t\t\t\t<\/div>\n\t\t","protected":false},"excerpt":{"rendered":"<p>L&rsquo;Association Solutions Num\u00e9riques de Confiance assure le bon fonctionnement du Comit\u00e9 Strat\u00e9gique de Fili\u00e8re. Nous vous invitons \u00e0 adh\u00e9rer \u00e0 l\u2019association pour l\u2019ann\u00e9e 2026 en compl\u00e9tant le formulaire d\u2019adh\u00e9sion ci-dessous. [&hellip;]<\/p>\n","protected":false},"author":1,"featured_media":0,"parent":0,"menu_order":0,"comment_status":"closed","ping_status":"closed","template":"","meta":{"_price":"","_stock":"","_tribe_ticket_header":"","_tribe_default_ticket_provider":"","_tribe_ticket_capacity":"0","_ticket_start_date":"","_ticket_end_date":"","_tribe_ticket_show_description":"","_tribe_ticket_show_not_going":false,"_tribe_ticket_use_global_stock":"","_tribe_ticket_global_stock_level":"","_global_stock_mode":"","_global_stock_cap":"","_tribe_rsvp_for_event":"","_tribe_ticket_going_count":"","_tribe_ticket_not_going_count":"","_tribe_tickets_list":"[]","_tribe_ticket_has_attendee_info_fields":false,"footnotes":"","_tec_slr_enabled":"","_tec_slr_layout":""},"class_list":["post-215","page","type-page","status-publish","hentry"],"blocksy_meta":[],"ticketed":false,"_links":{"self":[{"href":"https:\/\/numeriquedeconfiance.fr\/index.php\/wp-json\/wp\/v2\/pages\/215","targetHints":{"allow":["GET"]}}],"collection":[{"href":"https:\/\/numeriquedeconfiance.fr\/index.php\/wp-json\/wp\/v2\/pages"}],"about":[{"href":"https:\/\/numeriquedeconfiance.fr\/index.php\/wp-json\/wp\/v2\/types\/page"}],"author":[{"embeddable":true,"href":"https:\/\/numeriquedeconfiance.fr\/index.php\/wp-json\/wp\/v2\/users\/1"}],"replies":[{"embeddable":true,"href":"https:\/\/numeriquedeconfiance.fr\/index.php\/wp-json\/wp\/v2\/comments?post=215"}],"version-history":[{"count":90,"href":"https:\/\/numeriquedeconfiance.fr\/index.php\/wp-json\/wp\/v2\/pages\/215\/revisions"}],"predecessor-version":[{"id":1116,"href":"https:\/\/numeriquedeconfiance.fr\/index.php\/wp-json\/wp\/v2\/pages\/215\/revisions\/1116"}],"wp:attachment":[{"href":"https:\/\/numeriquedeconfiance.fr\/index.php\/wp-json\/wp\/v2\/media?parent=215"}],"curies":[{"name":"wp","href":"https:\/\/api.w.org\/{rel}","templated":true}]}}