{"id":244,"date":"2024-10-15T14:57:33","date_gmt":"2024-10-15T12:57:33","guid":{"rendered":"https:\/\/numeriquedeconfiance.fr\/?page_id=244"},"modified":"2026-04-02T16:31:34","modified_gmt":"2026-04-02T14:31:34","slug":"temps-forts","status":"publish","type":"page","link":"https:\/\/numeriquedeconfiance.fr\/index.php\/temps-forts\/","title":{"rendered":"Ev\u00e8nements"},"content":{"rendered":"\t\t<div data-elementor-type=\"wp-page\" data-elementor-id=\"244\" class=\"elementor elementor-244\">\n\t\t\t\t<div class=\"elementor-element elementor-element-42a82c7e e-flex e-con-boxed e-con e-parent\" data-id=\"42a82c7e\" data-element_type=\"container\">\n\t\t\t\t\t<div class=\"e-con-inner\">\n\t\t\t\t<div class=\"elementor-element elementor-element-769253ad elementor-widget elementor-widget-text-editor\" data-id=\"769253ad\" data-element_type=\"widget\" data-widget_type=\"text-editor.default\">\n\t\t\t\t<div class=\"elementor-widget-container\">\n\t\t\t\t\t\t\t\t\t<div>\n<p><strong>Jeudi 15 octobre 2026 &#8211; Hub des s\u00e9curit\u00e9s, Ecully<br \/><\/strong><strong>Les enjeux de la souverainet\u00e9 num\u00e9rique &#8211; En partenariat avec la CCI Lyon M\u00e9tropole<\/strong><\/p>\n<p>Une matin\u00e9e consacr\u00e9e \u00e0 la pr\u00e9sentation des grands enjeux de la souverainet\u00e9 num\u00e9rique devant les acteurs \u00e9conomiques de la m\u00e9tropole lyonnaise : protection des donn\u00e9es, lois extra-territoriales, structuration de la fili\u00e8re, solutions num\u00e9riques souveraines.<\/p>\n<p><strong>Septembre 2026, Bercy<br \/><\/strong><strong>Les briques open source pour un cloud europ\u00e9en &#8211; 2\u00e8me Edition Bercy<\/strong><\/p>\n<p>Deuxi\u00e8me \u00e9dition de notre \u00e9v\u00e8nement sur les briques open source essentielles pour un cloud europ\u00e9en, apr\u00e8s la premi\u00e8re \u00e9dition du 8 septembre 2025.\u00a0<\/p>\n<p><strong>Du 17 au 20 juin 2026 &#8211; Paris Expo Porte de Versailles<br \/>Village de la souverainet\u00e9 num\u00e9rique \u00e0 VivaTech\u00a0<\/strong><\/p>\n<p>Les acteurs du Comit\u00e9 Strat\u00e9gique de Fili\u00e8re se r\u00e9uniront sur le premier Village de la Souverainet\u00e9 num\u00e9rique de VivaTech du 17 au 20 juin 2026. Retrouvez-nous dans le Hall 7 !<\/p>\n<p><strong>Lundi 30 mars 2026 &#8211; 9h \u00e0 13h30, Bercy<br \/><\/strong><strong>Rencontre Grands donneurs d\u2019ordre \u2013 Clouders\u00a0<\/strong><\/p>\n<p style=\"font-weight: 400;\">Cet atelier de co-construction strat\u00e9gique est organis\u00e9 en partenariat avec le Cigref. Il r\u00e9unira d\u00e9cideurs (CEO, CTO, DTO) des plus grandes organisations publiques et priv\u00e9es pour adresser directement aux Clouders fran\u00e7ais leurs \u00ab\u00a0points de douleur\u00a0\u00bb autour de 4 ateliers strat\u00e9giques. Les 2 premiers ateliers auront lieu le 30 mars et les deux suivants \u00e0 une date \u00e0 venir.<br \/><br \/><br \/><\/p>\n<p style=\"font-weight: 400;\"><strong>Vendredi 27 mars 2026, Bercy<\/strong><\/p>\n<\/div>\n<div>\n<div><strong>Matchmaking \u00ab\u00a0Digital Workplace\u00a0\u00bb entre les acheteurs de l&rsquo;Etat et les offreurs de la fili\u00e8re<\/strong><\/div>\n<div>\u00a0<\/div>\n<div>Cette journ\u00e9e sera consacr\u00e9e \u00e0 des \u00e9changes approfondis autour de la Digital Workplace entre les acheteurs de l&rsquo;Etat et les offreurs de la fili\u00e8re.\u00a0\u00a0<\/div>\n<div>Pour participer en tant qu&rsquo;offreur de la fili\u00e8re, <a href=\"mailto:equipe@numeriquedeconfiance.fr\">contactez-nous.<\/a><br \/><br \/><br \/><\/div>\n<\/div>\n<div>\u00a0<\/div>\n<div>\n<div><strong>Jeudi 19 f\u00e9vrier &#8211; 14h \u00e0 18h, Caisse des\u00a0<\/strong><b>d\u00e9p\u00f4ts<\/b><\/div>\n<div><strong>Lancement de l&rsquo;European Stack Digital TechSprint<\/strong><\/div>\n<\/div>\n<div>\u00a0<\/div>\n<div>Le climat g\u00e9opolitique actuel et les mutations technologiques exigent une acc\u00e9l\u00e9ration de la r\u00e9silience num\u00e9rique europ\u00e9enne.<\/div>\n<div>\u00a0<\/div>\n<div>Cet apr\u00e8s-midi vise \u00e0 consolider le Digital Commons Stack europ\u00e9en avec une dimension op\u00e9rationnelle ax\u00e9e sur le financement et le renforcement technique des moteurs logiciels libres qui constituent cette alternative souveraine.<\/div>\n<div>\u00a0<\/div>\n<div>\u00a0<\/div>\n<div>\u00a0<\/div>\n<div><strong>Vendredi 5 d\u00e9cembre 2025 &#8211; 8h30 \u00e0 13h30<\/strong><\/div>\n<div><strong>Echange strat\u00e9gique entre les acteurs \u00ab\u00a0Digital workplace\u00a0\u00bb du groupe Caisse des d\u00e9p\u00f4ts et les entreprises de la fili\u00e8re<\/strong><\/div>\n<div>\u00a0<\/div>\n<div>Cette matin\u00e9e a vocation \u00e0 initier un dialogue strat\u00e9gique entre utilisateurs et offreurs de la Digital Workplace afin de permettre de r\u00e9pondre \u00e0 terme aux enjeux de r\u00e9silience num\u00e9rique des entreprises.<\/div>\n<div>Pour participer en tant qu&rsquo;offreur de la fili\u00e8re, <a href=\"https:\/\/numeriquedeconfiance.fr\/index.php\/contact\/\">contactez-nous.<\/a><\/div>\n<div>\u00a0<\/div>\n<div><br \/><br \/><\/div>\n<div><strong>Vendredi 17 octobre 2025<\/strong><\/div>\n<div><strong>Matchmaking \u00ab\u00a0Agentique IA\u00a0\u00bb<\/strong><\/div>\n<div>\u00a0<\/div>\n<div>Le groupe de travail \u00ab\u00a0Commande publique et priv\u00e9e\u00a0\u00bb du Comit\u00e9 Strat\u00e9gique de Fili\u00e8re a organis\u00e9 en partenariat avec l&rsquo;Innovation Makers Alliance un \u00e9v\u00e8nement de matchmaking sur le th\u00e8me \u00ab\u00a0Agentique IA\u00a0\u00bb. 10 offreurs ont \u00e9chang\u00e9 avec une cinquantaine d&rsquo;acheteurs sur leurs solutions, apr\u00e8s une introduction par la ministre d\u00e9l\u00e9gu\u00e9e au num\u00e9rique et \u00e0 l&rsquo;IA, Anne Le H\u00e9nanff.<\/div>\n<div><a href=\"https:\/\/www.linkedin.com\/feed\/update\/urn:li:activity:7384961077870166016\">Retrouvez le r\u00e9sum\u00e9 et les photos de l&rsquo;\u00e9v\u00e8nement sur LinkedIn.<\/a><\/div>\n<div>\u00a0<\/div>\n<div><br \/><br \/><\/div>\n<div><strong>8 septembre 2025 : \u00ab\u00a0Les briques essentielles pour le cloud europ\u00e9en\u00a0\u00bb.<\/strong><\/div>\n<p><!-- \/wp:paragraph --><\/p>\n<p><!-- wp:paragraph --><\/p>\n<p>Cet \u00e9v\u00e8nement organis\u00e9 par le groupe de travail \u00ab\u00a0Solutions\u00a0\u00bb du Comit\u00e9 Strat\u00e9gique de Fili\u00e8re en partenariat avec la Direction G\u00e9n\u00e9rale des Entreprises a r\u00e9uni 140 participants au Minist\u00e8re des finances autour de 4 ateliers d\u00e9di\u00e9s aux briques essentielles pour le cloud europ\u00e9en :\u00a0<\/p>\n<ul>\n<li>Atelier 1 : Services manag\u00e9s pour l&rsquo;IA<\/li>\n<li>Atelier 2 : Outils collaboratifs<\/li>\n<li>Atelier 3 : Interop\u00e9rabilit\u00e9<\/li>\n<li>Atelier 4 : Une pile logicielle s\u00e9curis\u00e9e et r\u00e9siliente<\/li>\n<\/ul>\n<p><a href=\"https:\/\/numeriquedeconfiance.fr\/wp-content\/uploads\/2025\/09\/DGE-CSF-EVENEMENT-8-SEPTEMBRE-COMPTE-RENDU-DES-ATELIERS-VF.pdf\">Retrouvez ici le compte-rendu des \u00e9changes.<\/a><\/p>\n<p>Les travaux se poursuivent d\u00e9sormais au sein du groupe de travail \u00ab\u00a0Solutions\u00a0\u00bb du Comit\u00e9 Strat\u00e9gique de Fili\u00e8re et de ses sous-groupes. Pour les rejoindre, <a href=\"https:\/\/numeriquedeconfiance.fr\/index.php\/les-groupes-de-travail\/\">cliquez ici<\/a>.<\/p>\n<div>\u00a0<\/div>\n<div>\u00a0<\/div>\n<p>\u00a0<\/p>\n<p><!-- \/wp:image --><\/p>\n<p>\u00a0<\/p>\t\t\t\t\t\t\t\t<\/div>\n\t\t\t\t<\/div>\n\t\t\t\t\t<\/div>\n\t\t\t\t<\/div>\n\t\t\t\t<\/div>\n\t\t","protected":false},"excerpt":{"rendered":"<p>Jeudi 15 octobre 2026 &#8211; Hub des s\u00e9curit\u00e9s, EcullyLes enjeux de la souverainet\u00e9 num\u00e9rique &#8211; En partenariat avec la CCI Lyon M\u00e9tropole Une matin\u00e9e consacr\u00e9e \u00e0 la pr\u00e9sentation des grands [&hellip;]<\/p>\n","protected":false},"author":1,"featured_media":0,"parent":0,"menu_order":0,"comment_status":"closed","ping_status":"closed","template":"","meta":{"_price":"","_stock":"","_tribe_ticket_header":"","_tribe_default_ticket_provider":"","_tribe_ticket_capacity":"0","_ticket_start_date":"","_ticket_end_date":"","_tribe_ticket_show_description":"","_tribe_ticket_show_not_going":false,"_tribe_ticket_use_global_stock":"","_tribe_ticket_global_stock_level":"","_global_stock_mode":"","_global_stock_cap":"","_tribe_rsvp_for_event":"","_tribe_ticket_going_count":"","_tribe_ticket_not_going_count":"","_tribe_tickets_list":"[]","_tribe_ticket_has_attendee_info_fields":false,"footnotes":"","_tec_slr_enabled":"","_tec_slr_layout":""},"class_list":["post-244","page","type-page","status-publish","hentry"],"blocksy_meta":[],"ticketed":false,"_links":{"self":[{"href":"https:\/\/numeriquedeconfiance.fr\/index.php\/wp-json\/wp\/v2\/pages\/244","targetHints":{"allow":["GET"]}}],"collection":[{"href":"https:\/\/numeriquedeconfiance.fr\/index.php\/wp-json\/wp\/v2\/pages"}],"about":[{"href":"https:\/\/numeriquedeconfiance.fr\/index.php\/wp-json\/wp\/v2\/types\/page"}],"author":[{"embeddable":true,"href":"https:\/\/numeriquedeconfiance.fr\/index.php\/wp-json\/wp\/v2\/users\/1"}],"replies":[{"embeddable":true,"href":"https:\/\/numeriquedeconfiance.fr\/index.php\/wp-json\/wp\/v2\/comments?post=244"}],"version-history":[{"count":71,"href":"https:\/\/numeriquedeconfiance.fr\/index.php\/wp-json\/wp\/v2\/pages\/244\/revisions"}],"predecessor-version":[{"id":1163,"href":"https:\/\/numeriquedeconfiance.fr\/index.php\/wp-json\/wp\/v2\/pages\/244\/revisions\/1163"}],"wp:attachment":[{"href":"https:\/\/numeriquedeconfiance.fr\/index.php\/wp-json\/wp\/v2\/media?parent=244"}],"curies":[{"name":"wp","href":"https:\/\/api.w.org\/{rel}","templated":true}]}}