{"id":787,"date":"2025-09-23T11:16:10","date_gmt":"2025-09-23T09:16:10","guid":{"rendered":"https:\/\/numeriquedeconfiance.fr\/?page_id=787"},"modified":"2026-02-11T12:38:32","modified_gmt":"2026-02-11T11:38:32","slug":"la-genese-du-comite-strategique-de-filiere-logiciels-et-solutions-numeriques-de-confiance","status":"publish","type":"page","link":"https:\/\/numeriquedeconfiance.fr\/index.php\/la-genese-du-comite-strategique-de-filiere-logiciels-et-solutions-numeriques-de-confiance\/","title":{"rendered":"La gen\u00e8se du Comit\u00e9 Strat\u00e9gique de Fili\u00e8re LSNC"},"content":{"rendered":"\t\t<div data-elementor-type=\"wp-page\" data-elementor-id=\"787\" class=\"elementor elementor-787\">\n\t\t\t\t<div class=\"elementor-element elementor-element-2f7a4fc e-flex e-con-boxed e-con e-parent\" data-id=\"2f7a4fc\" data-element_type=\"container\">\n\t\t\t\t\t<div class=\"e-con-inner\">\n\t\t\t\t<div class=\"elementor-element elementor-element-f6fa81d elementor-widget elementor-widget-text-editor\" data-id=\"f6fa81d\" data-element_type=\"widget\" data-widget_type=\"text-editor.default\">\n\t\t\t\t<div class=\"elementor-widget-container\">\n\t\t\t\t\t\t\t\t\t<p><strong>Avril 2025 : Signature du contrat de fili\u00e8re Logiciels et Solutions num\u00e9riques de confiance<\/strong><\/p>\n<p><!-- \/wp:paragraph --><\/p>\n<p><!-- wp:paragraph --><\/p>\n<p>Le 22 avril 2025, <strong>Philippe Baptiste<\/strong>, Ministre charg\u00e9 de l\u2019Enseignement sup\u00e9rieur et de la Recherche, <strong>Marc Ferracci<\/strong>, Ministre charg\u00e9 de l\u2019Industrie et de l\u2019\u00c9nergie, <strong>Clara Chappaz<\/strong>, Ministre d\u00e9l\u00e9gu\u00e9e charg\u00e9e de l\u2019Intelligence artificielle et du Num\u00e9rique, et <strong>Nasser Boualam<\/strong>, D\u00e9l\u00e9gu\u00e9 National de la CFE\u2011CGC, ont sign\u00e9 avec <strong>Michel Paulin<\/strong>, Pr\u00e9sident de la fili\u00e8re, le contrat de la fili\u00e8re Logiciels et Solutions Num\u00e9riques de Confiance.<\/p>\n<p><!-- \/wp:paragraph --><\/p>\n<p><!-- wp:paragraph --><\/p>\n<p>Trois initiatives concr\u00e8tes verront notamment le jour dans les prochaines semaines :<\/p>\n<p><!-- \/wp:paragraph --><\/p>\n<p><!-- wp:list --><\/p>\n<ul>\n<li>La publication d\u2019un <strong>annuaire<\/strong> des <strong>acteurs<\/strong> de confiance<\/li>\n<li>La publication d\u2019un <strong>catalogue<\/strong> de <strong>solutions<\/strong> de confiance<\/li>\n<li>L\u2019organisation d\u2019\u00e9v\u00e9nements de \u00ab<strong>\u202fmatchmaking\u202f<\/strong>\u00bb pour pr\u00e9senter aux <strong>d\u00e9cideurs<\/strong> les <strong>solutions<\/strong> fran\u00e7aises de confiance<\/li>\n<\/ul>\n<p><!-- \/wp:list --><\/p>\n<p><!-- wp:separator --><\/p>\n<hr class=\"wp-block-separator has-alpha-channel-opacity\" \/>\n<p><!-- \/wp:separator --><\/p>\n<p><strong>F\u00e9vrier 2025 : Cr\u00e9ation du Comit\u00e9 Strat\u00e9gique de Fili\u00e8re \u00ab Logiciels et Solutions Num\u00e9riques de Confiance \u00bb<\/strong><\/p>\n<p><!-- \/wp:paragraph --><!-- wp:paragraph --><\/p>\n<p>Le vendredi 14 f\u00e9vrier 2025, <strong>Michel Paulin <\/strong>a particip\u00e9 \u00e0 une r\u00e9union du <strong>Comit\u00e9 Ex\u00e9cutif du Conseil National de l\u2019Industrie<\/strong>. \u00c0 cette occasion, il a pr\u00e9sent\u00e9 les avanc\u00e9es et les ambitions de l\u2019\u00e9cosyst\u00e8me du num\u00e9rique de confiance, port\u00e9es par le<strong> Comit\u00e9 Strat\u00e9gique de Fili\u00e8re \u00ab\u00a0Logiciels et Solutions Num\u00e9riques de Confiance.\u00a0\u00bb<\/strong><\/p>\n<p><!-- \/wp:paragraph --><!-- wp:paragraph --><\/p>\n<p><strong>Monsieur le Ministre charg\u00e9 de l\u2019Industrie et de l\u2019\u00c9nergie Marc Ferracci<\/strong> a salu\u00e9 les travaux r\u00e9alis\u00e9s par la fili\u00e8re et annonc\u00e9 la <strong>cr\u00e9ation de ce 20\u00e8me Comit\u00e9 Strat\u00e9gique de Fili\u00e8re<\/strong>.\u00a0<\/p>\n<p><!-- \/wp:paragraph --><!-- wp:paragraph --><\/p>\n<p>L\u2019ensemble de la fili\u00e8re se r\u00e9jouit de la cr\u00e9ation du Comit\u00e9 Strat\u00e9gique de Fili\u00e8re. Le <strong>contrat de fili\u00e8re<\/strong> associ\u00e9 devrait \u00eatre sign\u00e9 formellement dans les prochaines semaines.<\/p>\n<p><!-- \/wp:paragraph --><!-- wp:paragraph --><\/p>\n<p>Dans le prolongement de ce temps fort, les groupes de travail ont repris leurs travaux et restent pleinement mobilis\u00e9s pour r\u00e9aliser les livrables attendus.\u00a0<\/p>\n<p><!-- \/wp:paragraph --><!-- wp:separator --><\/p>\n<hr class=\"wp-block-separator has-alpha-channel-opacity\" \/>\n<p><!-- \/wp:separator --><!-- wp:paragraph --><\/p>\n<p><strong><br \/>Mai 2024 : Signature d\u2019une lettre d\u2019intention entre la Secr\u00e9taire d\u2019Etat charg\u00e9e du<\/strong> <strong>Num\u00e9rique, Marina Ferrari, et le Directeur G\u00e9n\u00e9ral d\u2019OVHcloud, Michel Paulin<\/strong><\/p>\n<p><!-- \/wp:paragraph --><!-- wp:paragraph --><\/p>\n<p>Le 15 mai 2024, la Secr\u00e9taire d\u2019Etat charg\u00e9e du Num\u00e9rique, Marina Ferrari, et le Directeur G\u00e9n\u00e9ral d\u2019OVHcloud, Michel Paulin, ont sign\u00e9 une lettre d\u2019intention sur les futurs travaux de la fili\u00e8re Logiciels et Solutions num\u00e9riques de confiance.<\/p>\n<p><!-- \/wp:paragraph --><!-- wp:paragraph --><\/p>\n<p>Vous pouvez retrouver l\u2019ensemble de la s\u00e9quence <a href=\"https:\/\/twitter.com\/i\/broadcasts\/1eaKbgAaZLVGX\">sur les r\u00e9seaux sociaux du Minist\u00e8re<\/a> et le compte-rendu de l\u2019\u00e9v\u00e8nement <a href=\"https:\/\/www.conseil-national-industrie.gouv.fr\/actualites\/cni-action\/des-actions-transverses\/lancement-des-travaux-de-la-filiere-des-solutions-numeriques-de-confiance\">sur le site du Conseil national de l\u2019Industrie<\/a>.<\/p>\n<p><!-- \/wp:paragraph --><!-- wp:separator --><\/p>\n<hr class=\"wp-block-separator has-alpha-channel-opacity\" \/>\n<p><!-- \/wp:separator --><!-- wp:paragraph --><\/p>\n<p><strong><br \/>2023 : Pr\u00e9figuration du Comit\u00e9 Strat\u00e9gique Logiciels et Solutions Num\u00e9riques de Confiance<\/strong><\/p>\n<p><!-- \/wp:paragraph --><!-- wp:paragraph --><\/p>\n<p>Toutes les entreprises, organisations et clients de l\u2019\u00e9cosyst\u00e8me ont \u00e9t\u00e9 invit\u00e9s \u00e0 participer \u00e0 l\u2019\u00e9criture du contrat de fili\u00e8re. La liste non exhaustive des organisations qui ont particip\u00e9 \u00e0 la r\u00e9daction du contrat peut \u00eatre t\u00e9l\u00e9charg\u00e9e <a href=\"https:\/\/numeriquedeconfiance.fr\/wp-content\/uploads\/2023\/09\/Fichier-consolide-WEB1-1.xlsx\">sur ce lien<\/a> et la liste des copilotes des groupes de travail de pr\u00e9figuration ci-dessous :<\/p>\n<p><!-- \/wp:paragraph --><!-- wp:image {\"id\":58} --><\/p>\n<p>\u00a0<\/p>\n<p><img fetchpriority=\"high\" decoding=\"async\" class=\" wp-image-1122 aligncenter\" src=\"https:\/\/numeriquedeconfiance.fr\/wp-content\/uploads\/2026\/02\/Capture-decran-2026-02-11-a-12.04.42.png\" alt=\"\" width=\"594\" height=\"536\" srcset=\"https:\/\/numeriquedeconfiance.fr\/wp-content\/uploads\/2026\/02\/Capture-decran-2026-02-11-a-12.04.42.png 1327w, https:\/\/numeriquedeconfiance.fr\/wp-content\/uploads\/2026\/02\/Capture-decran-2026-02-11-a-12.04.42-300x271.png 300w, https:\/\/numeriquedeconfiance.fr\/wp-content\/uploads\/2026\/02\/Capture-decran-2026-02-11-a-12.04.42-1024x924.png 1024w, https:\/\/numeriquedeconfiance.fr\/wp-content\/uploads\/2026\/02\/Capture-decran-2026-02-11-a-12.04.42-768x693.png 768w\" sizes=\"(max-width: 594px) 100vw, 594px\" \/><\/p>\n<p><!-- \/wp:image --><!-- wp:separator --><\/p>\n<hr class=\"wp-block-separator has-alpha-channel-opacity\" \/>\n<p><!-- \/wp:separator --><!-- wp:paragraph --><\/p>\n<p><strong><br \/>2022 &#8211; Lancement des <strong>travaux du Comit\u00e9 strat\u00e9gique de fili\u00e8re Logiciels et Solutions Num\u00e9riques de Confiance<\/strong><\/strong><\/p>\n<p><!-- \/wp:paragraph --><!-- wp:paragraph --><\/p>\n<p>De septembre \u00e0 d\u00e9cembre, nous avons interrog\u00e9 les acteurs \u00e0 travers une consultation ouverte autour des questions suivantes : Pourquoi construire une fili\u00e8re du Num\u00e9rique de confiance ? Quels sont vos besoins et quels devraient \u00eatre les axes de travail du contrat de fili\u00e8re ?<\/p>\n<p><!-- \/wp:paragraph --><!-- wp:paragraph --><\/p>\n<p>La consultation a r\u00e9uni plus de 100 contributions et 300 propositions spontan\u00e9es. Vous pouvez retrouver les r\u00e9sultats de la consultation de l\u2019\u00e9cosyst\u00e8me men\u00e9e \u00e0 l\u2019automne 2022 en cliquant sur l\u2019image ci-dessous.<\/p>\n<p><!-- \/wp:paragraph --><!-- wp:image {\"id\":7,\"sizeSlug\":\"full\",\"linkDestination\":\"none\"} --><\/p>\n<p><!-- \/wp:image --><!-- wp:paragraph --><\/p>\n<p><!-- \/wp:paragraph --><!-- wp:paragraph --><\/p>\n<p><!-- \/wp:image --><\/p>\t\t\t\t\t\t\t\t<\/div>\n\t\t\t\t<\/div>\n\t\t\t\t<div class=\"elementor-element elementor-element-d54c223 elementor-widget elementor-widget-text-editor\" data-id=\"d54c223\" data-element_type=\"widget\" data-widget_type=\"text-editor.default\">\n\t\t\t\t<div class=\"elementor-widget-container\">\n\t\t\t\t\t\t\t\t\t<p style=\"caret-color: #000000; color: #000000; font-style: normal; font-variant-caps: normal;\"><a class=\"wp-block-button__link\" style=\"background-color: #215fda; color: #ffffff; font-size: 15px; font-weight: bold; padding: 0.9em 3em; text-transform: uppercase; letter-spacing: 0.4px;\" href=\"https:\/\/numeriquedeconfiance.fr\/wp-content\/uploads\/2023\/05\/Restitution-Concertation-Numerique-de-confiance.pdf\">T\u00c9L\u00c9CHARGEZ LA RESTITUTION SUR LA CONCERTATION DE PR\u00c9FIGURATION DU CSF<\/a><\/p>\n<p style=\"caret-color: #000000; color: #000000; font-style: normal; font-variant-caps: normal;\">\u00a0<\/p>\n<p>\u00a0<\/p>\n<p>\u00a0<\/p>\n<p style=\"caret-color: #000000; color: #000000; font-style: normal; font-variant-caps: normal;\"><em>Retrouvez ci-dessous la lettre adress\u00e9e par Michel Paulin \u00e0 l\u2019ensemble des acteurs de la fili\u00e8re \u00e0 l\u2019occasion du lancement de la consultation<\/em>\u00a0<em>et la lettre de mission adress\u00e9e par Bruno Le Maire \u00e0 Michel Paulin<\/em><\/p>\n<p>\u00a0<\/p>\n<p>\u00a0<\/p>\t\t\t\t\t\t\t\t<\/div>\n\t\t\t\t<\/div>\n\t\t\t\t\t<\/div>\n\t\t\t\t<\/div>\n\t\t<div class=\"elementor-element elementor-element-716df83 e-flex e-con-boxed e-con e-parent\" data-id=\"716df83\" data-element_type=\"container\">\n\t\t\t\t\t<div class=\"e-con-inner\">\n\t\t\t\t<div class=\"elementor-element elementor-element-3db3380 elementor-widget elementor-widget-text-editor\" data-id=\"3db3380\" data-element_type=\"widget\" data-widget_type=\"text-editor.default\">\n\t\t\t\t<div class=\"elementor-widget-container\">\n\t\t\t\t\t\t\t\t\t<p style=\"caret-color: #000000; color: #000000; font-style: normal; font-variant-caps: normal;\">Chers acteurs de l\u2019\u00e9cosyst\u00e8me,<\/p>\n<p style=\"caret-color: #000000; color: #000000; font-style: normal; font-variant-caps: normal;\">\u00a0<\/p>\n<p style=\"caret-color: #000000; color: #000000; font-style: normal; font-variant-caps: normal;\">Le num\u00e9rique de confiance, dont vous \u00eates les acteurs et parties prenantes, est un sujet central, transversal et strat\u00e9gique de nos transformations \u00e9conomiques qui engage l\u2019avenir de l\u2019autonomie industrielle et num\u00e9rique, de la protection des donn\u00e9es et du d\u00e9veloppement de formes \u00e9conomiques nouvelles imbriquant r\u00e9el et virtuel. A ce titre nous nous devons d\u2019affirmer et de mettre en \u0153uvre une ambition commune autour d\u2019un mod\u00e8le europ\u00e9en du num\u00e9rique de confiance, qui garantisse tant la protection et la s\u00e9curit\u00e9 de nos donn\u00e9es que notre autonomie strat\u00e9gique, et ce, face \u00e0 la mont\u00e9e en puissance de mod\u00e8les concurrents, sinon rivaux.\u00a0<\/p>\n<p style=\"caret-color: #000000; color: #000000; font-style: normal; font-variant-caps: normal;\">\u00a0<\/p>\n<p style=\"caret-color: #000000; color: #000000; font-style: normal; font-variant-caps: normal;\">La mobilisation pleine et enti\u00e8re de toutes les parties prenantes en faveur de notre \u00e9cosyst\u00e8me du num\u00e9rique de confiance est aujourd\u2019hui indispensable. Le Ministre de l\u2019Economie, des Finances et de la Souverainet\u00e9 industrielle et num\u00e9rique M. Bruno LE MAIRE et le Ministre D\u00e9l\u00e9gu\u00e9 au Num\u00e9rique M. Jean-No\u00ebl BARROT ont lanc\u00e9 le projet d\u2019un Comit\u00e9 Strat\u00e9gique de Fili\u00e8re dans le cadre du Conseil National de l\u2019Industrie, dont ils m\u2019ont demand\u00e9 de pr\u00e9figurer les contours et les ambitions d\u2019ici au printemps prochain.\u00a0<\/p>\n<p style=\"caret-color: #000000; color: #000000; font-style: normal; font-variant-caps: normal;\">\u00a0<\/p>\n<p style=\"caret-color: #000000; color: #000000; font-style: normal; font-variant-caps: normal;\">Je souhaite saisir cette occasion pour porter la voix et les initiatives de tous les acteurs impliqu\u00e9s pour int\u00e9grer en amont leurs perceptions, leurs sensibilit\u00e9s et leurs visions. C\u2019est le but de cette consultation pr\u00e9alable \u00e0 laquelle je vous propose de participer jusqu\u2019au 12 d\u00e9cembre prochain et qui fait suite \u00e0 plusieurs \u00e9changes que j\u2019ai eus ces derni\u00e8res semaines, notamment avec des coordinateurs de chaque grand secteur constituant cette fili\u00e8re du num\u00e9rique de confiance, \u00e0 savoir le cloud, les \u00e9diteurs logiciels, l\u2019intelligence artificielle, le quantique et les technologies immersives. Cette consultation ouverte \u00e0 tous vise \u00e0 nouer le dialogue entre des acteurs de sp\u00e9cialit\u00e9s parfois tr\u00e8s diff\u00e9rentes, souvent conscients de partager des enjeux communs, mais trop souvent rarement amen\u00e9s \u00e0 se rencontrer. Elle permettra d\u2019\u00e9tablir un portrait et une vision de notre fili\u00e8re du num\u00e9rique de confiance, mais surtout \u00e0 d\u00e9terminer des objectifs communs et esquisser des plans d\u2019actions concrets et rapidement r\u00e9alisables. Sur la base de ses r\u00e9sultats, j\u2019ai pour ambition de vous proposer au mois de janvier un premier bilan d\u2019\u00e9tape.\u00a0<\/p>\n<p style=\"caret-color: #000000; color: #000000; font-style: normal; font-variant-caps: normal;\">\u00a0<\/p>\n<p style=\"caret-color: #000000; color: #000000; font-style: normal; font-variant-caps: normal;\">Le Comit\u00e9 Strat\u00e9gique de Fili\u00e8re est un moment charni\u00e8re pour une fili\u00e8re jeune, innovante et en constante \u00e9volution. Ses efforts seront d\u2019autant plus efficaces qu\u2019ils s\u2019appuieront sur votre diversit\u00e9, votre compl\u00e9mentarit\u00e9 et votre cr\u00e9ativit\u00e9. Les mesures et propositions concr\u00e8tes qui doivent r\u00e9sulter de ce processus ont pour mission de promouvoir notre fili\u00e8re, renforcer la comp\u00e9titivit\u00e9 d\u2019une offre fran\u00e7aise, et europ\u00e9enne, d\u2019\u00e9tablir une autonomie num\u00e9rique et technologique europ\u00e9enne sur de nombreux domaines structurants sur toute la chaine de valeur du num\u00e9rique et enfin de garantir une souverainet\u00e9 sur les technologies structurantes du futur, de gestion, de protection et de s\u00e9curit\u00e9 des donn\u00e9es sensibles et r\u00e9galiennes. Nous voulons que l\u2019engagement collectif du CSF se mesure \u00e0 l\u2019aune de plans d\u2019action concrets, d\u2019un calendrier ambitieux pour leur mise en \u0153uvre et d\u2019une \u00e9valuation continue des efforts entrepris.<\/p>\n<p style=\"caret-color: #000000; color: #000000; font-style: normal; font-variant-caps: normal;\">\u00a0<\/p>\n<p style=\"caret-color: #000000; color: #000000; font-style: normal; font-variant-caps: normal;\">Nous comptons sur vos id\u00e9es, vos visions du secteur et votre implication concr\u00e8te pour faire r\u00e9ussir cette initiative. Je vous remercie ainsi par avance du temps que vous consacrerez \u00e0 ce questionnaire ainsi que de votre implication dans le Comit\u00e9 Strat\u00e9gique de Fili\u00e8re tout au long des prochains mois.<\/p>\n<p style=\"caret-color: #000000; color: #000000; font-style: normal; font-variant-caps: normal;\">\u00a0<\/p>\n<p style=\"caret-color: #000000; color: #000000; font-style: normal; font-variant-caps: normal;\">Michel Paulin, Pr\u00e9figurateur du CSF Num\u00e9rique de confiance<\/p>\n<p style=\"caret-color: #000000; color: #000000; font-style: normal; font-variant-caps: normal;\">\u00a0<\/p>\n<figure class=\"wp-block-image is-resized\" style=\"caret-color: #000000; color: #000000; font-style: normal; font-variant-caps: normal;\"><img decoding=\"async\" width=\"255\" height=\"255\" class=\"wp-image-190\" style=\"width: 255px;\" src=\"https:\/\/numeriquedeconfiance.fr\/wp-content\/uploads\/2024\/10\/Michel-Paulin-CEO.webp\" alt=\"\" srcset=\"https:\/\/numeriquedeconfiance.fr\/wp-content\/uploads\/2024\/10\/Michel-Paulin-CEO.webp 748w, https:\/\/numeriquedeconfiance.fr\/wp-content\/uploads\/2024\/10\/Michel-Paulin-CEO-300x300.webp 300w, https:\/\/numeriquedeconfiance.fr\/wp-content\/uploads\/2024\/10\/Michel-Paulin-CEO-150x150.webp 150w\" sizes=\"(max-width: 255px) 100vw, 255px\" \/><\/figure>\n<p style=\"caret-color: #000000; color: #000000; font-style: normal; font-variant-caps: normal;\">\u00a0<\/p>\n<p>\u00a0<\/p>\n<p>\u00a0<\/p>\n<figure class=\"wp-block-image\" style=\"caret-color: #000000; color: #000000; font-style: normal; font-variant-caps: normal;\"><img decoding=\"async\" width=\"1075\" height=\"797\" class=\"wp-image-8 aligncenter\" src=\"https:\/\/numeriquedeconfiance.fr\/wp-content\/uploads\/2023\/05\/image-1.png\" alt=\"\" srcset=\"https:\/\/numeriquedeconfiance.fr\/wp-content\/uploads\/2023\/05\/image-1.png 1075w, https:\/\/numeriquedeconfiance.fr\/wp-content\/uploads\/2023\/05\/image-1-300x222.png 300w, https:\/\/numeriquedeconfiance.fr\/wp-content\/uploads\/2023\/05\/image-1-1024x759.png 1024w, https:\/\/numeriquedeconfiance.fr\/wp-content\/uploads\/2023\/05\/image-1-768x569.png 768w\" sizes=\"(max-width: 1075px) 100vw, 1075px\" \/><\/figure>\t\t\t\t\t\t\t\t<\/div>\n\t\t\t\t<\/div>\n\t\t\t\t\t<\/div>\n\t\t\t\t<\/div>\n\t\t\t\t<\/div>\n\t\t","protected":false},"excerpt":{"rendered":"<p>Avril 2025 : Signature du contrat de fili\u00e8re Logiciels et Solutions num\u00e9riques de confiance Le 22 avril 2025, Philippe Baptiste, Ministre charg\u00e9 de l\u2019Enseignement sup\u00e9rieur et de la Recherche, Marc [&hellip;]<\/p>\n","protected":false},"author":1,"featured_media":0,"parent":0,"menu_order":0,"comment_status":"closed","ping_status":"closed","template":"","meta":{"_price":"","_stock":"","_tribe_ticket_header":"","_tribe_default_ticket_provider":"","_tribe_ticket_capacity":"0","_ticket_start_date":"","_ticket_end_date":"","_tribe_ticket_show_description":"","_tribe_ticket_show_not_going":false,"_tribe_ticket_use_global_stock":"","_tribe_ticket_global_stock_level":"","_global_stock_mode":"","_global_stock_cap":"","_tribe_rsvp_for_event":"","_tribe_ticket_going_count":"","_tribe_ticket_not_going_count":"","_tribe_tickets_list":"[]","_tribe_ticket_has_attendee_info_fields":false,"footnotes":"","_tec_slr_enabled":"","_tec_slr_layout":""},"class_list":["post-787","page","type-page","status-publish","hentry"],"blocksy_meta":[],"ticketed":false,"_links":{"self":[{"href":"https:\/\/numeriquedeconfiance.fr\/index.php\/wp-json\/wp\/v2\/pages\/787","targetHints":{"allow":["GET"]}}],"collection":[{"href":"https:\/\/numeriquedeconfiance.fr\/index.php\/wp-json\/wp\/v2\/pages"}],"about":[{"href":"https:\/\/numeriquedeconfiance.fr\/index.php\/wp-json\/wp\/v2\/types\/page"}],"author":[{"embeddable":true,"href":"https:\/\/numeriquedeconfiance.fr\/index.php\/wp-json\/wp\/v2\/users\/1"}],"replies":[{"embeddable":true,"href":"https:\/\/numeriquedeconfiance.fr\/index.php\/wp-json\/wp\/v2\/comments?post=787"}],"version-history":[{"count":12,"href":"https:\/\/numeriquedeconfiance.fr\/index.php\/wp-json\/wp\/v2\/pages\/787\/revisions"}],"predecessor-version":[{"id":1128,"href":"https:\/\/numeriquedeconfiance.fr\/index.php\/wp-json\/wp\/v2\/pages\/787\/revisions\/1128"}],"wp:attachment":[{"href":"https:\/\/numeriquedeconfiance.fr\/index.php\/wp-json\/wp\/v2\/media?parent=787"}],"curies":[{"name":"wp","href":"https:\/\/api.w.org\/{rel}","templated":true}]}}